{"id":104,"date":"2018-05-30T13:03:04","date_gmt":"2018-05-30T11:03:04","guid":{"rendered":"http:\/\/orchestras.eu\/cz\/?page_id=104"},"modified":"2025-06-14T16:47:43","modified_gmt":"2025-06-14T14:47:43","slug":"koncert","status":"publish","type":"page","link":"https:\/\/orchestras.eu\/cz\/koncert\/","title":{"rendered":"koncert"},"content":{"rendered":"<p><img loading=\"lazy\" decoding=\"async\" width=\"700\" height=\"990\" src=\"https:\/\/orchestras.eu\/cz\/wp-content\/uploads\/2025\/06\/03_6_2025_A2-kopie-3.png\" alt=\"\" srcset=\"https:\/\/orchestras.eu\/cz\/wp-content\/uploads\/2025\/06\/03_6_2025_A2-kopie-3.png 700w, https:\/\/orchestras.eu\/cz\/wp-content\/uploads\/2025\/06\/03_6_2025_A2-kopie-3-212x300.png 212w\" sizes=\"auto, (max-width: 700px) 100vw, 700px\"><\/p>\n<h6><b>Hudebn\u00ed p\u0159edstaven\u00ed s origin\u00e1ln\u00edm sc\u00e9nick\u00fdm pojet\u00edm.<br \/>\nPr\u016fb\u011bh koncertu zpest\u0159\u00ed 10 dirigent\u016f z r\u016fzn\u00fdch st\u00e1t\u016f.<\/b><br \/>\nP\u00e1tek 20. cervna 2025 v 19:30<br \/>\nEnsana Spole\u010densk\u00fd d\u016fm Casino<br \/>\nMARI\u00c1NSK\u00c9 L\u00c1ZN\u011a<br \/>\n<b style=\"font-family: arial, sans-serif; font-size: 16px;\">Program koncertu:<\/b>Koncert s p\u0159est\u00e1vkou.&nbsp;&nbsp;Mozart &#8211; Symphony No. 38Beethoven &#8211; Symphony No. 2<br \/>\nMendelssohn &#8211; Symphony No. 3<br \/>\n<b>&nbsp;<font face=\"Open Sans, serif\">Um\u011bleck\u00fd garant: Maestro R\u00fcdiger Bohn<\/font><\/b><\/h6>\n<p><a href=\"https:\/\/icm.enigoo.cz\/app\/tickets\/events\/10\" rel=\"nofollow\" role=\"button\"><br \/>\nVSTUPENKY<br \/>\n<\/a><br \/>\nP\u0159edprodej vstupenek:&nbsp;https:\/\/icm.enigoo.cz\/app\/tickets\/events\/10<br \/>\n<a href=\"https:\/\/icm.enigoo.cz\/app\/tickets\/events\/10\" rel=\"nofollow\" role=\"button\"><br \/>\nVSTUPENKY<br \/>\n<\/a><\/p>\n<p>Reitenbergerova 95, 353 01 Mari\u00e1nsk\u00e9 L\u00e1zn\u011b&nbsp;<\/p>\n<p><iframe frameborder=\"0\" scrolling=\"no\" marginheight=\"0\" marginwidth=\"0\" src=\"https:\/\/maps.google.com\/maps?q=Reitenbergerova%2095%2C%20353%2001%20Mari%C3%A1nsk%C3%A9%20L%C3%A1zn%C4%9B%201&amp;t=m&amp;z=14&amp;output=embed&amp;iwloc=near\" aria-label=\"Reitenbergerova 95, 353 01 Mari\u00e1nsk\u00e9 L\u00e1zn\u011b 1\"><\/iframe><\/p>\n","protected":false},"excerpt":{"rendered":"<p>Hudebn\u00ed p\u0159edstaven\u00ed s origin\u00e1ln\u00edm sc\u00e9nick\u00fdm pojet\u00edm. Pr\u016fb\u011bh koncertu zpest\u0159\u00ed 10 dirigent\u016f z r\u016fzn\u00fdch st\u00e1t\u016f. P\u00e1tek 20. cervna 2025 v 19:30<\/p>\n","protected":false},"author":1,"featured_media":0,"parent":0,"menu_order":0,"comment_status":"closed","ping_status":"closed","template":"","meta":{"colormag_page_container_layout":"no_sidebar_full_width","colormag_page_sidebar_layout":"no_sidebar","footnotes":""},"class_list":["post-104","page","type-page","status-publish","hentry"],"_links":{"self":[{"href":"https:\/\/orchestras.eu\/cz\/wp-json\/wp\/v2\/pages\/104","targetHints":{"allow":["GET"]}}],"collection":[{"href":"https:\/\/orchestras.eu\/cz\/wp-json\/wp\/v2\/pages"}],"about":[{"href":"https:\/\/orchestras.eu\/cz\/wp-json\/wp\/v2\/types\/page"}],"author":[{"embeddable":true,"href":"https:\/\/orchestras.eu\/cz\/wp-json\/wp\/v2\/users\/1"}],"replies":[{"embeddable":true,"href":"https:\/\/orchestras.eu\/cz\/wp-json\/wp\/v2\/comments?post=104"}],"version-history":[{"count":175,"href":"https:\/\/orchestras.eu\/cz\/wp-json\/wp\/v2\/pages\/104\/revisions"}],"predecessor-version":[{"id":1378,"href":"https:\/\/orchestras.eu\/cz\/wp-json\/wp\/v2\/pages\/104\/revisions\/1378"}],"wp:attachment":[{"href":"https:\/\/orchestras.eu\/cz\/wp-json\/wp\/v2\/media?parent=104"}],"curies":[{"name":"wp","href":"https:\/\/api.w.org\/{rel}","templated":true}]}}